{"id":920,"date":"2025-10-03T14:31:39","date_gmt":"2025-10-03T12:31:39","guid":{"rendered":"https:\/\/acquire-one.com\/ueber-uns\/"},"modified":"2025-11-17T17:38:02","modified_gmt":"2025-11-17T16:38:02","slug":"ueber-uns","status":"publish","type":"page","link":"https:\/\/acquire-one.com\/de\/ueber-uns\/","title":{"rendered":"\u00dcber uns"},"content":{"rendered":"\t\t<div data-elementor-type=\"wp-page\" data-elementor-id=\"920\" class=\"elementor elementor-920 elementor-62\" data-elementor-post-type=\"page\">\n\t\t\t\t<div class=\"elementor-element elementor-element-e312d01 e-flex e-con-boxed e-con e-parent\" data-id=\"e312d01\" data-element_type=\"container\" data-e-type=\"container\" data-settings=\"{&quot;background_background&quot;:&quot;classic&quot;}\">\n\t\t\t\t\t<div class=\"e-con-inner\">\n\t\t\t\t<div class=\"elementor-element elementor-element-b967169 elementor-widget__width-inherit elementor-widget elementor-widget-heading\" data-id=\"b967169\" data-element_type=\"widget\" data-e-type=\"widget\" data-widget_type=\"heading.default\">\n\t\t\t\t\t<h1 class=\"elementor-heading-title elementor-size-default\">Entwickelt f\u00fcr den B2B-Vertrieb in Deutschland, \u00d6sterreich und der Schweiz. Mit Sitz in Berlin. <\/h1>\t\t\t\t<\/div>\n\t\t\t\t<div class=\"elementor-element elementor-element-a6836bf elementor-widget__width-inherit elementor-widget elementor-widget-text-editor\" data-id=\"a6836bf\" data-element_type=\"widget\" data-e-type=\"widget\" data-widget_type=\"text-editor.default\">\n\t\t\t\t\t\t\t\t\t<p><span style=\"font-weight: 400;\">Ein Team von Vertriebsexperten aus der DACH-Region \u2013 unterst\u00fctzt internationale und lokale Unternehmen dabei, mit Klarheit und Pr\u00e4zision zu wachsen.<\/span><\/p>\t\t\t\t\t\t\t\t<\/div>\n\t\t\t\t<div class=\"elementor-element elementor-element-7b2208c elementor-widget elementor-widget-button\" data-id=\"7b2208c\" data-element_type=\"widget\" data-e-type=\"widget\" data-widget_type=\"button.default\">\n\t\t\t\t\t\t\t\t\t\t<a class=\"elementor-button elementor-button-link elementor-size-sm\" href=\"https:\/\/acquire-one.com\/de\/kontakt\/\">\n\t\t\t\t\t\t<span class=\"elementor-button-content-wrapper\">\n\t\t\t\t\t\t\t\t\t<span class=\"elementor-button-text\">Jetzt loslegen<\/span>\n\t\t\t\t\t<\/span>\n\t\t\t\t\t<\/a>\n\t\t\t\t\t\t\t\t<\/div>\n\t\t\t\t<div class=\"elementor-element elementor-element-644b897 elementor-widget elementor-widget-button\" data-id=\"644b897\" data-element_type=\"widget\" data-e-type=\"widget\" data-widget_type=\"button.default\">\n\t\t\t\t\t\t\t\t\t\t<a class=\"elementor-button elementor-button-link elementor-size-sm\" href=\"#next-section\">\n\t\t\t\t\t\t<span class=\"elementor-button-content-wrapper\">\n\t\t\t\t\t\t<span class=\"elementor-button-icon\">\n\t\t\t\t<i aria-hidden=\"true\" class=\" arrow_triangle-right\"><\/i>\t\t\t<\/span>\n\t\t\t\t\t\t\t\t\t<span class=\"elementor-button-text\">Mehr erfahren<\/span>\n\t\t\t\t\t<\/span>\n\t\t\t\t\t<\/a>\n\t\t\t\t\t\t\t\t<\/div>\n\t\t\t\t\t<\/div>\n\t\t\t\t<\/div>\n\t\t<div class=\"elementor-element elementor-element-4f22cc3 e-con-full e-flex e-con e-parent\" data-id=\"4f22cc3\" data-element_type=\"container\" data-e-type=\"container\" data-settings=\"{&quot;background_background&quot;:&quot;classic&quot;}\">\n\t\t\t\t<div class=\"elementor-element elementor-element-2e57079 elementor-widget elementor-widget-n-carousel\" data-id=\"2e57079\" data-element_type=\"widget\" data-e-type=\"widget\" data-settings=\"{&quot;offset_sides&quot;:&quot;both&quot;,&quot;offset_width&quot;:{&quot;unit&quot;:&quot;px&quot;,&quot;size&quot;:100,&quot;sizes&quot;:[]},&quot;autoplay_speed&quot;:2000,&quot;carousel_items&quot;:[{&quot;_id&quot;:&quot;9a0805b&quot;,&quot;slide_title&quot;:&quot;Client logo&quot;},{&quot;_id&quot;:&quot;4e03157&quot;,&quot;slide_title&quot;:&quot;Client logo&quot;},{&quot;_id&quot;:&quot;9d3fc8f&quot;,&quot;slide_title&quot;:&quot;Client logo&quot;},{&quot;_id&quot;:&quot;33560d6&quot;,&quot;slide_title&quot;:&quot;Client logo&quot;},{&quot;_id&quot;:&quot;ffbdb43&quot;,&quot;slide_title&quot;:&quot;Client logo&quot;},{&quot;_id&quot;:&quot;80f41f5&quot;,&quot;slide_title&quot;:&quot;Client logo&quot;},{&quot;_id&quot;:&quot;921dd03&quot;,&quot;slide_title&quot;:&quot;Client logo&quot;}],&quot;slides_to_show&quot;:&quot;6&quot;,&quot;image_spacing_custom&quot;:{&quot;unit&quot;:&quot;px&quot;,&quot;size&quot;:&quot;&quot;,&quot;sizes&quot;:[]},&quot;slides_to_show_mobile&quot;:&quot;2&quot;,&quot;slides_to_show_tablet&quot;:&quot;4&quot;,&quot;autoplay&quot;:&quot;yes&quot;,&quot;infinite&quot;:&quot;yes&quot;,&quot;speed&quot;:500,&quot;offset_width_tablet&quot;:{&quot;unit&quot;:&quot;px&quot;,&quot;size&quot;:&quot;&quot;,&quot;sizes&quot;:[]},&quot;offset_width_mobile&quot;:{&quot;unit&quot;:&quot;px&quot;,&quot;size&quot;:&quot;&quot;,&quot;sizes&quot;:[]},&quot;image_spacing_custom_tablet&quot;:{&quot;unit&quot;:&quot;px&quot;,&quot;size&quot;:&quot;&quot;,&quot;sizes&quot;:[]},&quot;image_spacing_custom_mobile&quot;:{&quot;unit&quot;:&quot;px&quot;,&quot;size&quot;:&quot;&quot;,&quot;sizes&quot;:[]}}\" data-widget_type=\"nested-carousel.default\">\n\t\t\t\t\t\t\t<div class=\"e-n-carousel swiper\" role=\"region\" aria-roledescription=\"carousel\" aria-label=\"Carousel\" dir=\"ltr\">\n\t\t\t<div class=\"swiper-wrapper\" aria-live=\"off\">\n\t\t\t\t\t\t\t\t\t\t<div class=\"swiper-slide\" data-slide=\"1\" role=\"group\" aria-roledescription=\"slide\" aria-label=\"1 von 7\">\n\t\t\t\t\t\t\t<div class=\"elementor-element elementor-element-5b17fe7 e-con-full e-flex e-con e-child\" data-id=\"5b17fe7\" data-element_type=\"container\" data-e-type=\"container\">\n\t\t\t\t<div class=\"elementor-element elementor-element-d2d5034 elementor-widget elementor-widget-image\" data-id=\"d2d5034\" data-element_type=\"widget\" data-e-type=\"widget\" data-widget_type=\"image.default\">\n\t\t\t\t\t\t\t\t\t\t\t\t\t\t\t<img decoding=\"async\" width=\"442\" height=\"80\" src=\"https:\/\/acquire-one.com\/wp-content\/uploads\/2025\/10\/ao-logo-client-7.png\" class=\"attachment-full size-full wp-image-890\" alt=\"\" srcset=\"https:\/\/acquire-one.com\/wp-content\/uploads\/2025\/10\/ao-logo-client-7.png 442w, https:\/\/acquire-one.com\/wp-content\/uploads\/2025\/10\/ao-logo-client-7-300x54.png 300w\" sizes=\"(max-width: 442px) 100vw, 442px\">\t\t\t\t\t\t\t\t\t\t\t\t\t\t\t<\/div>\n\t\t\t\t<\/div>\n\t\t\t\t\t\t\t\t<\/div>\n\t\t\t\t\t\t\t\t\t\t\t<div class=\"swiper-slide\" data-slide=\"2\" role=\"group\" aria-roledescription=\"slide\" aria-label=\"2 von 7\">\n\t\t\t\t\t\t\t<div class=\"elementor-element elementor-element-36dae77 e-con-full e-flex e-con e-child\" data-id=\"36dae77\" data-element_type=\"container\" data-e-type=\"container\">\n\t\t\t\t<div class=\"elementor-element elementor-element-25a36d6 elementor-widget elementor-widget-image\" data-id=\"25a36d6\" data-element_type=\"widget\" data-e-type=\"widget\" data-widget_type=\"image.default\">\n\t\t\t\t\t\t\t\t\t\t\t\t\t\t\t<img fetchpriority=\"high\" decoding=\"async\" width=\"564\" height=\"171\" src=\"https:\/\/acquire-one.com\/wp-content\/uploads\/2025\/10\/ao-logo-client-2.png\" class=\"attachment-full size-full wp-image-885\" alt=\"\" srcset=\"https:\/\/acquire-one.com\/wp-content\/uploads\/2025\/10\/ao-logo-client-2.png 564w, https:\/\/acquire-one.com\/wp-content\/uploads\/2025\/10\/ao-logo-client-2-300x91.png 300w\" sizes=\"(max-width: 564px) 100vw, 564px\">\t\t\t\t\t\t\t\t\t\t\t\t\t\t\t<\/div>\n\t\t\t\t<\/div>\n\t\t\t\t\t\t\t\t<\/div>\n\t\t\t\t\t\t\t\t\t\t\t<div class=\"swiper-slide\" data-slide=\"3\" role=\"group\" aria-roledescription=\"slide\" aria-label=\"3 von 7\">\n\t\t\t\t\t\t\t<div class=\"elementor-element elementor-element-39d4de6 e-con-full e-flex e-con e-child\" data-id=\"39d4de6\" data-element_type=\"container\" data-e-type=\"container\">\n\t\t\t\t<div class=\"elementor-element elementor-element-6dd88ee elementor-widget elementor-widget-image\" data-id=\"6dd88ee\" data-element_type=\"widget\" data-e-type=\"widget\" data-widget_type=\"image.default\">\n\t\t\t\t\t\t\t\t\t\t\t\t\t\t\t<img decoding=\"async\" width=\"450\" height=\"130\" src=\"https:\/\/acquire-one.com\/wp-content\/uploads\/2025\/10\/ao-logo-client-1.png\" class=\"attachment-full size-full wp-image-884\" alt=\"\" srcset=\"https:\/\/acquire-one.com\/wp-content\/uploads\/2025\/10\/ao-logo-client-1.png 450w, https:\/\/acquire-one.com\/wp-content\/uploads\/2025\/10\/ao-logo-client-1-300x87.png 300w\" sizes=\"(max-width: 450px) 100vw, 450px\">\t\t\t\t\t\t\t\t\t\t\t\t\t\t\t<\/div>\n\t\t\t\t<\/div>\n\t\t\t\t\t\t\t\t<\/div>\n\t\t\t\t\t\t\t\t\t\t\t<div class=\"swiper-slide\" data-slide=\"4\" role=\"group\" aria-roledescription=\"slide\" aria-label=\"4 von 7\">\n\t\t\t\t\t\t\t<div class=\"elementor-element elementor-element-7c08305 e-con-full e-flex e-con e-child\" data-id=\"7c08305\" data-element_type=\"container\" data-e-type=\"container\">\n\t\t\t\t<div class=\"elementor-element elementor-element-3d9dd85 elementor-widget elementor-widget-image\" data-id=\"3d9dd85\" data-element_type=\"widget\" data-e-type=\"widget\" data-widget_type=\"image.default\">\n\t\t\t\t\t\t\t\t\t\t\t\t\t\t\t<img loading=\"lazy\" decoding=\"async\" width=\"333\" height=\"130\" src=\"https:\/\/acquire-one.com\/wp-content\/uploads\/2025\/10\/ao-logo-client-3.png\" class=\"attachment-full size-full wp-image-886\" alt=\"\" srcset=\"https:\/\/acquire-one.com\/wp-content\/uploads\/2025\/10\/ao-logo-client-3.png 333w, https:\/\/acquire-one.com\/wp-content\/uploads\/2025\/10\/ao-logo-client-3-300x117.png 300w\" sizes=\"(max-width: 333px) 100vw, 333px\">\t\t\t\t\t\t\t\t\t\t\t\t\t\t\t<\/div>\n\t\t\t\t<\/div>\n\t\t\t\t\t\t\t\t<\/div>\n\t\t\t\t\t\t\t\t\t\t\t<div class=\"swiper-slide\" data-slide=\"5\" role=\"group\" aria-roledescription=\"slide\" aria-label=\"5 von 7\">\n\t\t\t\t\t\t\t<div class=\"elementor-element elementor-element-6fc7e45 e-con-full e-flex e-con e-child\" data-id=\"6fc7e45\" data-element_type=\"container\" data-e-type=\"container\">\n\t\t\t\t<div class=\"elementor-element elementor-element-90de278 elementor-widget elementor-widget-image\" data-id=\"90de278\" data-element_type=\"widget\" data-e-type=\"widget\" data-widget_type=\"image.default\">\n\t\t\t\t\t\t\t\t\t\t\t\t\t\t\t<img loading=\"lazy\" decoding=\"async\" width=\"350\" height=\"100\" src=\"https:\/\/acquire-one.com\/wp-content\/uploads\/2025\/10\/ao-logo-client-4.png\" class=\"attachment-full size-full wp-image-887\" alt=\"\" srcset=\"https:\/\/acquire-one.com\/wp-content\/uploads\/2025\/10\/ao-logo-client-4.png 350w, https:\/\/acquire-one.com\/wp-content\/uploads\/2025\/10\/ao-logo-client-4-300x86.png 300w\" sizes=\"(max-width: 350px) 100vw, 350px\">\t\t\t\t\t\t\t\t\t\t\t\t\t\t\t<\/div>\n\t\t\t\t<\/div>\n\t\t\t\t\t\t\t\t<\/div>\n\t\t\t\t\t\t\t\t\t\t\t<div class=\"swiper-slide\" data-slide=\"6\" role=\"group\" aria-roledescription=\"slide\" aria-label=\"6 von 7\">\n\t\t\t\t\t\t\t<div class=\"elementor-element elementor-element-84663af e-con-full e-flex e-con e-child\" data-id=\"84663af\" data-element_type=\"container\" data-e-type=\"container\">\n\t\t\t\t<div class=\"elementor-element elementor-element-f832e7d elementor-widget elementor-widget-image\" data-id=\"f832e7d\" data-element_type=\"widget\" data-e-type=\"widget\" data-widget_type=\"image.default\">\n\t\t\t\t\t\t\t\t\t\t\t\t\t\t\t<img loading=\"lazy\" decoding=\"async\" width=\"130\" height=\"130\" src=\"https:\/\/acquire-one.com\/wp-content\/uploads\/2025\/10\/ao-logo-client-5.png\" class=\"attachment-full size-full wp-image-888\" alt=\"\">\t\t\t\t\t\t\t\t\t\t\t\t\t\t\t<\/div>\n\t\t\t\t<\/div>\n\t\t\t\t\t\t\t\t<\/div>\n\t\t\t\t\t\t\t\t\t\t\t<div class=\"swiper-slide\" data-slide=\"7\" role=\"group\" aria-roledescription=\"slide\" aria-label=\"7 von 7\">\n\t\t\t\t\t\t\t<div class=\"elementor-element elementor-element-c6d2477 e-con-full e-flex e-con e-child\" data-id=\"c6d2477\" data-element_type=\"container\" data-e-type=\"container\">\n\t\t\t\t<div class=\"elementor-element elementor-element-4d8558e elementor-widget elementor-widget-image\" data-id=\"4d8558e\" data-element_type=\"widget\" data-e-type=\"widget\" data-widget_type=\"image.default\">\n\t\t\t\t\t\t\t\t\t\t\t\t\t\t\t<img loading=\"lazy\" decoding=\"async\" width=\"398\" height=\"127\" src=\"https:\/\/acquire-one.com\/wp-content\/uploads\/2025\/10\/ao-logo-client-6.png\" class=\"attachment-full size-full wp-image-889\" alt=\"\" srcset=\"https:\/\/acquire-one.com\/wp-content\/uploads\/2025\/10\/ao-logo-client-6.png 398w, https:\/\/acquire-one.com\/wp-content\/uploads\/2025\/10\/ao-logo-client-6-300x96.png 300w\" sizes=\"(max-width: 398px) 100vw, 398px\">\t\t\t\t\t\t\t\t\t\t\t\t\t\t\t<\/div>\n\t\t\t\t<\/div>\n\t\t\t\t\t\t\t\t<\/div>\n\t\t\t\t\t\t\t\t<\/div>\n\t\t<\/div>\n\t\t\t\t\t\t<\/div>\n\t\t\t\t<\/div>\n\t\t<div class=\"elementor-element elementor-element-5757bbe e-flex e-con-boxed e-con e-child\" data-id=\"5757bbe\" data-element_type=\"container\" data-e-type=\"container\" id=\"next-section\" data-settings=\"{&quot;background_background&quot;:&quot;classic&quot;}\">\n\t\t\t\t\t<div class=\"e-con-inner\">\n\t\t\t\t<div class=\"elementor-element elementor-element-6fffb27 elementor-widget__width-inherit elementor-widget elementor-widget-image\" data-id=\"6fffb27\" data-element_type=\"widget\" data-e-type=\"widget\" data-widget_type=\"image.default\">\n\t\t\t\t\t\t\t\t\t\t\t\t\t\t\t<img loading=\"lazy\" decoding=\"async\" width=\"1188\" height=\"576\" src=\"https:\/\/acquire-one.com\/wp-content\/uploads\/2025\/10\/ao-team-picture2.png\" class=\"attachment-full size-full wp-image-958\" alt=\"\" srcset=\"https:\/\/acquire-one.com\/wp-content\/uploads\/2025\/10\/ao-team-picture2.png 1188w, https:\/\/acquire-one.com\/wp-content\/uploads\/2025\/10\/ao-team-picture2-300x145.png 300w, https:\/\/acquire-one.com\/wp-content\/uploads\/2025\/10\/ao-team-picture2-1024x496.png 1024w, https:\/\/acquire-one.com\/wp-content\/uploads\/2025\/10\/ao-team-picture2-768x372.png 768w\" sizes=\"(max-width: 1188px) 100vw, 1188px\">\t\t\t\t\t\t\t\t\t\t\t\t\t\t\t<\/div>\n\t\t<div class=\"elementor-element elementor-element-8462237 e-con-full e-flex e-con e-child\" data-id=\"8462237\" data-element_type=\"container\" data-e-type=\"container\">\n\t\t\t\t<div class=\"elementor-element elementor-element-5578a07 elementor-widget elementor-widget-text-editor\" data-id=\"5578a07\" data-element_type=\"widget\" data-e-type=\"widget\" data-widget_type=\"text-editor.default\">\n\t\t\t\t\t\t\t\t\t<h3><b>Wer wir sind<\/b><\/h3><p><b><\/b><b><br><\/b> AcquireOne ist ein in Berlin ans\u00e4ssiges Vertriebsunternehmen, das sich darauf konzentriert, B2B-Unternehmen in Deutschland, \u00d6sterreich und der Schweiz (DACH) beim Wachstum zu unterst\u00fctzen.<br>Unser Team besteht ausschlie\u00dflich aus Fachleuten aus Deutschland, \u00d6sterreich und der Schweiz \u2013 und hat seinen Sitz in Berlin. Von der Kommunikation bis hin zu Besprechungen verstehen wir nicht nur die Sprache, sondern auch, wie das Gesch\u00e4ft in dieser Region wirklich funktioniert.<\/p><p><span style=\"font-weight: 400;\">Wir verbinden strategisches Denken mit echter Verkaufsleistung, ohne Schnickschnack und ohne falsche Versprechungen.<\/span><\/p><p> <\/p><h3><b>Unsere Mission<\/b><\/h3><p><b><\/b><b><br><\/b><span style=\"font-weight: 400;\"> We believe great products deserve strong sales. International expansion often fails because of cultural mismatches, unclear positioning or generic outreach. <\/span><\/p><p><span style=\"font-weight: 400;\">Viele unserer Kunden kamen zu uns, nachdem sie von anderen Anbietern entt\u00e4uscht worden waren. Minderwertige Leads, irrelevante KPIs oder schlechte Conversion-Ergebnisse sind keine Seltenheit. Wir sind oft der erste Partner, der tats\u00e4chliche Ergebnisse liefert, anstatt nur Versprechungen zu machen.  <\/span><\/p><p><span style=\"font-weight: 400;\">Unsere Mission ist es, den Markteintritt und die B2B-Vertriebsabwicklung in der DACH-Region effektiver, ehrlicher und menschlicher zu gestalten. Nicht noch mehr leere Versprechungen. Nur mehr Sales.  <\/span><\/p>\t\t\t\t\t\t\t\t<\/div>\n\t\t\t\t<div class=\"elementor-element elementor-element-8baf9a6 elementor-widget elementor-widget-button\" data-id=\"8baf9a6\" data-element_type=\"widget\" data-e-type=\"widget\" data-widget_type=\"button.default\">\n\t\t\t\t\t\t\t\t\t\t<a class=\"elementor-button elementor-button-link elementor-size-sm\" href=\"https:\/\/acquire-one.com\/de\/kontakt\/\">\n\t\t\t\t\t\t<span class=\"elementor-button-content-wrapper\">\n\t\t\t\t\t\t<span class=\"elementor-button-icon\">\n\t\t\t\t<i aria-hidden=\"true\" class=\" arrow_triangle-right\"><\/i>\t\t\t<\/span>\n\t\t\t\t\t\t\t\t\t<span class=\"elementor-button-text\">Get started now<\/span>\n\t\t\t\t\t<\/span>\n\t\t\t\t\t<\/a>\n\t\t\t\t\t\t\t\t<\/div>\n\t\t\t\t<\/div>\n\t\t\t\t\t<\/div>\n\t\t\t\t<\/div>\n\t\t<div class=\"elementor-element elementor-element-139239f e-flex e-con-boxed e-con e-child\" data-id=\"139239f\" data-element_type=\"container\" data-e-type=\"container\" data-settings=\"{&quot;background_background&quot;:&quot;classic&quot;}\">\n\t\t\t\t\t<div class=\"e-con-inner\">\n\t\t\t\t<div class=\"elementor-element elementor-element-eef2899 elementor-widget elementor-widget-heading\" data-id=\"eef2899\" data-element_type=\"widget\" data-e-type=\"widget\" data-widget_type=\"heading.default\">\n\t\t\t\t\t<h2 class=\"elementor-heading-title elementor-size-default\">Unsere Werte<\/h2>\t\t\t\t<\/div>\n\t\t\t\t<div class=\"elementor-element elementor-element-3d3cd38 elementor-widget__width-initial elementor-widget-tablet__width-inherit elementor-widget elementor-widget-text-editor\" data-id=\"3d3cd38\" data-element_type=\"widget\" data-e-type=\"widget\" data-widget_type=\"text-editor.default\">\n\t\t\t\t\t\t\t\t\t<p><span style=\"font-weight: 400;\">Wie wir arbeiten \u2013 und warum es funktioniert.<\/span><\/p>\t\t\t\t\t\t\t\t<\/div>\n\t\t<div class=\"elementor-element elementor-element-2d41dff e-con-full e-grid e-con e-child\" data-id=\"2d41dff\" data-element_type=\"container\" data-e-type=\"container\">\n\t\t<div class=\"elementor-element elementor-element-70195cc e-con-full e-flex e-con e-child\" data-id=\"70195cc\" data-element_type=\"container\" data-e-type=\"container\">\n\t\t<div class=\"elementor-element elementor-element-a6e611f e-con-full e-flex e-con e-child\" data-id=\"a6e611f\" data-element_type=\"container\" data-e-type=\"container\">\n\t\t\t\t<div class=\"elementor-element elementor-element-b38b18c elementor-view-stacked elementor-shape-circle elementor-widget elementor-widget-icon\" data-id=\"b38b18c\" data-element_type=\"widget\" data-e-type=\"widget\" data-widget_type=\"icon.default\">\n\t\t\t\t\t\t\t<div class=\"elementor-icon-wrapper\">\n\t\t\t<div class=\"elementor-icon\">\n\t\t\t<i aria-hidden=\"true\" class=\"lnr lnr-magnifier\"><\/i>\t\t\t<\/div>\n\t\t<\/div>\n\t\t\t\t\t\t<\/div>\n\t\t\t\t<\/div>\n\t\t\t\t<div class=\"elementor-element elementor-element-dc3c4b9 elementor-widget elementor-widget-heading\" data-id=\"dc3c4b9\" data-element_type=\"widget\" data-e-type=\"widget\" data-widget_type=\"heading.default\">\n\t\t\t\t\t<h5 class=\"elementor-heading-title elementor-size-default\">Klarheit <\/h5>\t\t\t\t<\/div>\n\t\t\t\t<div class=\"elementor-element elementor-element-5d03f66 elementor-widget elementor-widget-text-editor\" data-id=\"5d03f66\" data-element_type=\"widget\" data-e-type=\"widget\" data-widget_type=\"text-editor.default\">\n\t\t\t\t\t\t\t\t\t<p><span style=\"font-weight: 400;\">Wir schreiben nicht, um zu beeindrucken. Wir schreiben, um zu \u00fcberzeugen. <\/span><\/p>\t\t\t\t\t\t\t\t<\/div>\n\t\t\t\t<\/div>\n\t\t<div class=\"elementor-element elementor-element-c408468 e-con-full e-flex e-con e-child\" data-id=\"c408468\" data-element_type=\"container\" data-e-type=\"container\">\n\t\t<div class=\"elementor-element elementor-element-315fcb5 e-con-full e-flex e-con e-child\" data-id=\"315fcb5\" data-element_type=\"container\" data-e-type=\"container\">\n\t\t\t\t<div class=\"elementor-element elementor-element-2ca61db elementor-view-stacked elementor-shape-circle elementor-widget elementor-widget-icon\" data-id=\"2ca61db\" data-element_type=\"widget\" data-e-type=\"widget\" data-widget_type=\"icon.default\">\n\t\t\t\t\t\t\t<div class=\"elementor-icon-wrapper\">\n\t\t\t<div class=\"elementor-icon\">\n\t\t\t<i aria-hidden=\"true\" class=\" icon_check_alt2\"><\/i>\t\t\t<\/div>\n\t\t<\/div>\n\t\t\t\t\t\t<\/div>\n\t\t\t\t<\/div>\n\t\t\t\t<div class=\"elementor-element elementor-element-bfab434 elementor-widget elementor-widget-heading\" data-id=\"bfab434\" data-element_type=\"widget\" data-e-type=\"widget\" data-widget_type=\"heading.default\">\n\t\t\t\t\t<h5 class=\"elementor-heading-title elementor-size-default\">Konsistenz<\/h5>\t\t\t\t<\/div>\n\t\t\t\t<div class=\"elementor-element elementor-element-03f6d92 elementor-widget elementor-widget-text-editor\" data-id=\"03f6d92\" data-element_type=\"widget\" data-e-type=\"widget\" data-widget_type=\"text-editor.default\">\n\t\t\t\t\t\t\t\t\t<p><span style=\"font-weight: 400;\">Verkauf ist ein Prozess. Wir respektieren das. <\/span><\/p>\t\t\t\t\t\t\t\t<\/div>\n\t\t\t\t<\/div>\n\t\t<div class=\"elementor-element elementor-element-f5be989 e-con-full e-flex e-con e-child\" data-id=\"f5be989\" data-element_type=\"container\" data-e-type=\"container\">\n\t\t<div class=\"elementor-element elementor-element-110291c e-con-full e-flex e-con e-child\" data-id=\"110291c\" data-element_type=\"container\" data-e-type=\"container\">\n\t\t\t\t<div class=\"elementor-element elementor-element-40b5df4 elementor-view-stacked elementor-shape-circle elementor-widget elementor-widget-icon\" data-id=\"40b5df4\" data-element_type=\"widget\" data-e-type=\"widget\" data-widget_type=\"icon.default\">\n\t\t\t\t\t\t\t<div class=\"elementor-icon-wrapper\">\n\t\t\t<div class=\"elementor-icon\">\n\t\t\t<i aria-hidden=\"true\" class=\" icon_target\"><\/i>\t\t\t<\/div>\n\t\t<\/div>\n\t\t\t\t\t\t<\/div>\n\t\t\t\t<\/div>\n\t\t\t\t<div class=\"elementor-element elementor-element-b5c601c elementor-widget elementor-widget-heading\" data-id=\"b5c601c\" data-element_type=\"widget\" data-e-type=\"widget\" data-widget_type=\"heading.default\">\n\t\t\t\t\t<h5 class=\"elementor-heading-title elementor-size-default\">Kontext <\/h5>\t\t\t\t<\/div>\n\t\t\t\t<div class=\"elementor-element elementor-element-8cf6a2f elementor-widget elementor-widget-text-editor\" data-id=\"8cf6a2f\" data-element_type=\"widget\" data-e-type=\"widget\" data-widget_type=\"text-editor.default\">\n\t\t\t\t\t\t\t\t\t<p><span style=\"font-weight: 400;\">Wir passen jede Kampagne an den Markt und den K\u00e4ufer an.<\/span><\/p>\t\t\t\t\t\t\t\t<\/div>\n\t\t\t\t<\/div>\n\t\t<div class=\"elementor-element elementor-element-76416a9 e-con-full e-flex e-con e-child\" data-id=\"76416a9\" data-element_type=\"container\" data-e-type=\"container\">\n\t\t<div class=\"elementor-element elementor-element-4e7d816 e-con-full e-flex e-con e-child\" data-id=\"4e7d816\" data-element_type=\"container\" data-e-type=\"container\">\n\t\t\t\t<div class=\"elementor-element elementor-element-2fa8d82 elementor-view-stacked elementor-shape-circle elementor-widget elementor-widget-icon\" data-id=\"2fa8d82\" data-element_type=\"widget\" data-e-type=\"widget\" data-widget_type=\"icon.default\">\n\t\t\t\t\t\t\t<div class=\"elementor-icon-wrapper\">\n\t\t\t<div class=\"elementor-icon\">\n\t\t\t<i aria-hidden=\"true\" class=\" icon_datareport\"><\/i>\t\t\t<\/div>\n\t\t<\/div>\n\t\t\t\t\t\t<\/div>\n\t\t\t\t<\/div>\n\t\t\t\t<div class=\"elementor-element elementor-element-074ac0c elementor-widget elementor-widget-heading\" data-id=\"074ac0c\" data-element_type=\"widget\" data-e-type=\"widget\" data-widget_type=\"heading.default\">\n\t\t\t\t\t<h5 class=\"elementor-heading-title elementor-size-default\">Vertrauen<\/h5>\t\t\t\t<\/div>\n\t\t\t\t<div class=\"elementor-element elementor-element-6a9df68 elementor-widget elementor-widget-text-editor\" data-id=\"6a9df68\" data-element_type=\"widget\" data-e-type=\"widget\" data-widget_type=\"text-editor.default\">\n\t\t\t\t\t\t\t\t\t<p><span style=\"font-weight: 400;\">Wir versprechen nie zu viel. Wir liefern mehr als versprochen. <\/span><\/p>\t\t\t\t\t\t\t\t<\/div>\n\t\t\t\t<\/div>\n\t\t\t\t<\/div>\n\t\t\t\t\t<\/div>\n\t\t\t\t<\/div>\n\t\t\t\t<\/div>\n\t\t","protected":false},"excerpt":{"rendered":"<p>Entwickelt f\u00fcr den B2B-Vertrieb in Deutschland, \u00d6sterreich und der Schweiz. Mit Sitz in Berlin. Ein Team von Vertriebsexperten aus der DACH-Region \u2013 unterst\u00fctzt internationale und lokale Unternehmen dabei, mit Klarheit und Pr\u00e4zision zu wachsen. Jetzt loslegen Mehr erfahren Wer wir sind AcquireOne ist ein in Berlin ans\u00e4ssiges Vertriebsunternehmen, das sich darauf konzentriert, B2B-Unternehmen in Deutschland, [&hellip;]<\/p>\n","protected":false},"author":1,"featured_media":0,"parent":0,"menu_order":0,"comment_status":"closed","ping_status":"closed","template":"","meta":{"_acf_changed":false,"footnotes":""},"class_list":["post-920","page","type-page","status-publish","hentry"],"acf":[],"_links":{"self":[{"href":"https:\/\/acquire-one.com\/de\/wp-json\/wp\/v2\/pages\/920","targetHints":{"allow":["GET"]}}],"collection":[{"href":"https:\/\/acquire-one.com\/de\/wp-json\/wp\/v2\/pages"}],"about":[{"href":"https:\/\/acquire-one.com\/de\/wp-json\/wp\/v2\/types\/page"}],"author":[{"embeddable":true,"href":"https:\/\/acquire-one.com\/de\/wp-json\/wp\/v2\/users\/1"}],"replies":[{"embeddable":true,"href":"https:\/\/acquire-one.com\/de\/wp-json\/wp\/v2\/comments?post=920"}],"version-history":[{"count":4,"href":"https:\/\/acquire-one.com\/de\/wp-json\/wp\/v2\/pages\/920\/revisions"}],"predecessor-version":[{"id":966,"href":"https:\/\/acquire-one.com\/de\/wp-json\/wp\/v2\/pages\/920\/revisions\/966"}],"wp:attachment":[{"href":"https:\/\/acquire-one.com\/de\/wp-json\/wp\/v2\/media?parent=920"}],"curies":[{"name":"wp","href":"https:\/\/api.w.org\/{rel}","templated":true}]}}