{"id":986,"date":"2025-10-13T13:22:59","date_gmt":"2025-10-13T11:22:59","guid":{"rendered":"https:\/\/acquire-one.com\/kundenerfolge\/synaos\/"},"modified":"2025-12-15T19:29:06","modified_gmt":"2025-12-15T18:29:06","slug":"synaos","status":"publish","type":"page","link":"https:\/\/acquire-one.com\/de\/kundenerfolge\/synaos\/","title":{"rendered":"Synaos"},"content":{"rendered":"\t\t<div data-elementor-type=\"wp-page\" data-elementor-id=\"986\" class=\"elementor elementor-986 elementor-318\" data-elementor-post-type=\"page\">\n\t\t\t\t<div class=\"elementor-element elementor-element-37628d4 e-flex e-con-boxed e-con e-parent\" data-id=\"37628d4\" data-element_type=\"container\" data-e-type=\"container\" data-settings=\"{&quot;background_background&quot;:&quot;classic&quot;}\">\n\t\t\t\t\t<div class=\"e-con-inner\">\n\t\t\t\t<div class=\"elementor-element elementor-element-5da78d8 elementor-widget__width-inherit elementor-widget elementor-widget-heading\" data-id=\"5da78d8\" data-element_type=\"widget\" data-e-type=\"widget\" data-widget_type=\"heading.default\">\n\t\t\t\t\t<h1 class=\"elementor-heading-title elementor-size-default\">Intelligente Outbound-L\u00f6sung f\u00fcr komplexe Industrie-Tech<\/h1>\t\t\t\t<\/div>\n\t\t\t\t<div class=\"elementor-element elementor-element-2f60108 elementor-widget__width-inherit elementor-widget elementor-widget-text-editor\" data-id=\"2f60108\" data-element_type=\"widget\" data-e-type=\"widget\" data-widget_type=\"text-editor.default\">\n\t\t\t\t\t\t\t\t\t<p>Wie SYNAOS den Unternehmensabsatz beschleunigte \u2013 eine Erfolgsgeschichte eines Kunden im Bereich Industrial B2B Outreach.<\/p>\t\t\t\t\t\t\t\t<\/div>\n\t\t\t\t<div class=\"elementor-element elementor-element-e59a8f2 elementor-widget elementor-widget-button\" data-id=\"e59a8f2\" data-element_type=\"widget\" data-e-type=\"widget\" data-widget_type=\"button.default\">\n\t\t\t\t\t\t\t\t\t\t<a class=\"elementor-button elementor-button-link elementor-size-sm\" href=\"https:\/\/acquire-one.com\/de\/kontakt\/\">\n\t\t\t\t\t\t<span class=\"elementor-button-content-wrapper\">\n\t\t\t\t\t\t\t\t\t<span class=\"elementor-button-text\">Jetzt loslegen<\/span>\n\t\t\t\t\t<\/span>\n\t\t\t\t\t<\/a>\n\t\t\t\t\t\t\t\t<\/div>\n\t\t\t\t<div class=\"elementor-element elementor-element-4e795d0 elementor-widget elementor-widget-button\" data-id=\"4e795d0\" data-element_type=\"widget\" data-e-type=\"widget\" data-widget_type=\"button.default\">\n\t\t\t\t\t\t\t\t\t\t<a class=\"elementor-button elementor-button-link elementor-size-sm\" href=\"#next-section\">\n\t\t\t\t\t\t<span class=\"elementor-button-content-wrapper\">\n\t\t\t\t\t\t<span class=\"elementor-button-icon\">\n\t\t\t\t<i aria-hidden=\"true\" class=\" arrow_triangle-right\"><\/i>\t\t\t<\/span>\n\t\t\t\t\t\t\t\t\t<span class=\"elementor-button-text\">Mehr erfahren<\/span>\n\t\t\t\t\t<\/span>\n\t\t\t\t\t<\/a>\n\t\t\t\t\t\t\t\t<\/div>\n\t\t\t\t\t<\/div>\n\t\t\t\t<\/div>\n\t\t<div class=\"elementor-element elementor-element-c37cc8f e-flex e-con-boxed e-con e-parent\" data-id=\"c37cc8f\" data-element_type=\"container\" data-e-type=\"container\" data-settings=\"{&quot;background_background&quot;:&quot;classic&quot;}\">\n\t\t\t\t\t<div class=\"e-con-inner\">\n\t\t<div class=\"elementor-element elementor-element-5b4aa95 e-con-full e-flex e-con e-child\" data-id=\"5b4aa95\" data-element_type=\"container\" data-e-type=\"container\">\n\t\t<div class=\"elementor-element elementor-element-5c83cd8 e-con-full e-flex e-con e-child\" data-id=\"5c83cd8\" data-element_type=\"container\" data-e-type=\"container\">\n\t\t\t\t<div class=\"elementor-element elementor-element-30587c6 elementor-widget elementor-widget-heading\" data-id=\"30587c6\" data-element_type=\"widget\" data-e-type=\"widget\" data-widget_type=\"heading.default\">\n\t\t\t\t\t<h2 class=\"elementor-heading-title elementor-size-default\">Industrie<\/h2>\t\t\t\t<\/div>\n\t\t\t\t<div class=\"elementor-element elementor-element-2fd9128 elementor-widget elementor-widget-text-editor\" data-id=\"2fd9128\" data-element_type=\"widget\" data-e-type=\"widget\" data-widget_type=\"text-editor.default\">\n\t\t\t\t\t\t\t\t\t<p>Logistik Software<\/p>\t\t\t\t\t\t\t\t<\/div>\n\t\t\t\t<\/div>\n\t\t<div class=\"elementor-element elementor-element-cb3e85a e-con-full e-flex e-con e-child\" data-id=\"cb3e85a\" data-element_type=\"container\" data-e-type=\"container\">\n\t\t\t\t<div class=\"elementor-element elementor-element-04eedfc elementor-widget elementor-widget-heading\" data-id=\"04eedfc\" data-element_type=\"widget\" data-e-type=\"widget\" data-widget_type=\"heading.default\">\n\t\t\t\t\t<h2 class=\"elementor-heading-title elementor-size-default\">Hauptsitz<\/h2>\t\t\t\t<\/div>\n\t\t\t\t<div class=\"elementor-element elementor-element-e849d84 elementor-widget elementor-widget-text-editor\" data-id=\"e849d84\" data-element_type=\"widget\" data-e-type=\"widget\" data-widget_type=\"text-editor.default\">\n\t\t\t\t\t\t\t\t\t<p>Hannover, Germany<\/p>\t\t\t\t\t\t\t\t<\/div>\n\t\t\t\t<\/div>\n\t\t<div class=\"elementor-element elementor-element-fae1ec2 e-con-full e-flex e-con e-child\" data-id=\"fae1ec2\" data-element_type=\"container\" data-e-type=\"container\">\n\t\t\t\t<div class=\"elementor-element elementor-element-7553bac elementor-widget elementor-widget-heading\" data-id=\"7553bac\" data-element_type=\"widget\" data-e-type=\"widget\" data-widget_type=\"heading.default\">\n\t\t\t\t\t<h2 class=\"elementor-heading-title elementor-size-default\">Firmengr\u00f6\u00dfe<\/h2>\t\t\t\t<\/div>\n\t\t\t\t<div class=\"elementor-element elementor-element-5263f5b elementor-widget elementor-widget-text-editor\" data-id=\"5263f5b\" data-element_type=\"widget\" data-e-type=\"widget\" data-widget_type=\"text-editor.default\">\n\t\t\t\t\t\t\t\t\t<p>11-50<\/p>\t\t\t\t\t\t\t\t<\/div>\n\t\t\t\t<\/div>\n\t\t\t\t<\/div>\n\t\t\t\t\t<\/div>\n\t\t\t\t<\/div>\n\t\t<div class=\"elementor-element elementor-element-485ef50 e-flex e-con-boxed e-con e-child\" data-id=\"485ef50\" data-element_type=\"container\" data-e-type=\"container\" id=\"next-section\" data-settings=\"{&quot;background_background&quot;:&quot;classic&quot;}\">\n\t\t\t\t\t<div class=\"e-con-inner\">\n\t\t\t\t<div class=\"elementor-element elementor-element-b12c802 elementor-widget__width-inherit elementor-widget elementor-widget-image\" data-id=\"b12c802\" data-element_type=\"widget\" data-e-type=\"widget\" data-widget_type=\"image.default\">\n\t\t\t\t\t\t\t\t\t\t\t\t\t\t\t<img fetchpriority=\"high\" decoding=\"async\" width=\"1176\" height=\"794\" src=\"https:\/\/acquire-one.com\/wp-content\/uploads\/2025\/10\/ao-success-story4.png\" class=\"attachment-full size-full wp-image-911\" alt=\"\" srcset=\"https:\/\/acquire-one.com\/wp-content\/uploads\/2025\/10\/ao-success-story4.png 1176w, https:\/\/acquire-one.com\/wp-content\/uploads\/2025\/10\/ao-success-story4-300x203.png 300w, https:\/\/acquire-one.com\/wp-content\/uploads\/2025\/10\/ao-success-story4-1024x691.png 1024w, https:\/\/acquire-one.com\/wp-content\/uploads\/2025\/10\/ao-success-story4-768x519.png 768w\" sizes=\"(max-width: 1176px) 100vw, 1176px\">\t\t\t\t\t\t\t\t\t\t\t\t\t\t\t<\/div>\n\t\t<div class=\"elementor-element elementor-element-9941bcc e-con-full e-flex e-con e-child\" data-id=\"9941bcc\" data-element_type=\"container\" data-e-type=\"container\">\n\t\t\t\t<div class=\"elementor-element elementor-element-08e7b9f elementor-widget elementor-widget-text-editor\" data-id=\"08e7b9f\" data-element_type=\"widget\" data-e-type=\"widget\" data-widget_type=\"text-editor.default\">\n\t\t\t\t\t\t\t\t\t<h3 data-start=\"355\" data-end=\"372\"><strong data-start=\"359\" data-end=\"372\">Herausforderung<\/strong><\/h3><p data-start=\"608\" data-end=\"883\">SYNAOS entwickelt hochwertige KI-Software zur Steuerung und Optimierung komplexer Intralogistikumgebungen, von fahrerlosen Transportfahrzeugen \u00fcber Gabelstapler bis hin zu menschlichen Arbeitsabl\u00e4ufen. Das Vertriebsteam verf\u00fcgte \u00fcber fundierte Produktkenntnisse, aber es fehlten die Ressourcen und Kapazit\u00e4ten, um skalierbare Outbound-Kampagnen zu entwickeln und zu verwalten. <\/p><p data-start=\"885\" data-end=\"1126\">Angesichts eines hochtechnischen Produkts und langer Entscheidungszyklen ben\u00f6tigte SYNAOS einen Partner, der Vertriebsstrategie, Fachwissen und zuverl\u00e4ssige Umsetzung miteinander verbinden konnte, um kontinuierlich die richtigen Unternehmenskunden in der DACH-Region und dar\u00fcber hinaus anzusprechen.<br><br><\/p><hr data-start=\"1001\" data-end=\"1004\"><h3 data-start=\"1006\" data-end=\"1022\"><strong data-start=\"1010\" data-end=\"1022\">L\u00f6sung<\/strong><\/h3><p data-start=\"1151\" data-end=\"1400\">AcquireOne hat f\u00fcr SYNAOS eine Full-Funnel-Outbound-Kampagne konzipiert und gestartet. Unser Ziel war es, Gespr\u00e4che auf Unternehmensebene mit Entscheidungstr\u00e4gern aus den Bereichen Logistik, Betrieb und Innovation in Fertigungsunternehmen, Lagerh\u00e4usern und Automobilkonzernen anzuregen. <\/p><ul data-start=\"1402\" data-end=\"1731\"><li data-start=\"1402\" data-end=\"1461\"><p data-start=\"1404\" data-end=\"1461\">ICP-Erstellung und -Segmentierung \u00fcber verschiedene Branchen hinweg<\/p><\/li><li data-start=\"1462\" data-end=\"1537\"><p data-start=\"1464\" data-end=\"1537\">Auf innovationsorientierte und effizienzorientierte Pers\u00f6nlichkeiten zugeschnittene Botschaften<\/p><\/li><li data-start=\"1538\" data-end=\"1597\"><p data-start=\"1540\" data-end=\"1597\">Intelligente Kontaktfrequenz \u00fcber Telefon, E-Mail und LinkedIn<\/p><\/li><li data-start=\"1598\" data-end=\"1668\"><p data-start=\"1600\" data-end=\"1668\">Kontinuierliche Kampagnenoptimierung durch Feedback und Lead-Bewertung<\/p><\/li><li data-start=\"1669\" data-end=\"1731\"><p data-start=\"1671\" data-end=\"1731\">Transparente Berichterstattung \u00fcber das Lead-Dashboard und regelm\u00e4\u00dfige Synchronisierungen<\/p><\/li><\/ul><p data-start=\"1733\" data-end=\"1876\">Unser SDR-Team fungierte als Erweiterung von SYNAOS und repr\u00e4sentierte die Marke w\u00e4hrend des gesamten Top-of-Funnel-Prozesses pr\u00e4zise und souver\u00e4n.<\/p>\t\t\t\t\t\t\t\t<\/div>\n\t\t\t\t<div class=\"elementor-element elementor-element-b34a4ba elementor-widget elementor-widget-button\" data-id=\"b34a4ba\" data-element_type=\"widget\" data-e-type=\"widget\" data-widget_type=\"button.default\">\n\t\t\t\t\t\t\t\t\t\t<a class=\"elementor-button elementor-button-link elementor-size-sm\" href=\"https:\/\/acquire-one.com\/de\/kontakt\/\">\n\t\t\t\t\t\t<span class=\"elementor-button-content-wrapper\">\n\t\t\t\t\t\t<span class=\"elementor-button-icon\">\n\t\t\t\t<i aria-hidden=\"true\" class=\" arrow_triangle-right\"><\/i>\t\t\t<\/span>\n\t\t\t\t\t\t\t\t\t<span class=\"elementor-button-text\">Jetzt loslegen<\/span>\n\t\t\t\t\t<\/span>\n\t\t\t\t\t<\/a>\n\t\t\t\t\t\t\t\t<\/div>\n\t\t\t\t<\/div>\n\t\t\t\t\t<\/div>\n\t\t\t\t<\/div>\n\t\t<div class=\"elementor-element elementor-element-72d1f6c e-flex e-con-boxed e-con e-child\" data-id=\"72d1f6c\" data-element_type=\"container\" data-e-type=\"container\" data-settings=\"{&quot;background_background&quot;:&quot;classic&quot;}\">\n\t\t\t\t\t<div class=\"e-con-inner\">\n\t\t\t\t<div class=\"elementor-element elementor-element-116c7f4 elementor-widget__width-initial elementor-widget-mobile__width-inherit elementor-widget elementor-widget-heading\" data-id=\"116c7f4\" data-element_type=\"widget\" data-e-type=\"widget\" data-widget_type=\"heading.default\">\n\t\t\t\t\t<h3 class=\"elementor-heading-title elementor-size-default\">Ergebnisse<\/h3>\t\t\t\t<\/div>\n\t\t\t\t<div class=\"elementor-element elementor-element-b0ca79a elementor-widget__width-initial elementor-widget-mobile__width-inherit elementor-widget elementor-widget-text-editor\" data-id=\"b0ca79a\" data-element_type=\"widget\" data-e-type=\"widget\" data-widget_type=\"text-editor.default\">\n\t\t\t\t\t\t\t\t\t<p data-start=\"1637\" data-end=\"1859\">SYNAOS konnte die Entwicklung seiner Unternehmenspipeline erheblich beschleunigen, ohne interne Ressourcen umleiten zu m\u00fcssen. Das Outbound-Programm sorgte f\u00fcr eine gleichm\u00e4\u00dfige Zugkraft in mehreren Zielsektoren und half dem Unternehmen, schneller als erwartet in neue Branchen zu expandieren. <\/p>\t\t\t\t\t\t\t\t<\/div>\n\t\t<div class=\"elementor-element elementor-element-0dabbd5 e-con-full e-flex e-con e-child\" data-id=\"0dabbd5\" data-element_type=\"container\" data-e-type=\"container\">\n\t\t<div class=\"elementor-element elementor-element-bb49940 e-con-full e-flex e-con e-child\" data-id=\"bb49940\" data-element_type=\"container\" data-e-type=\"container\">\n\t\t\t\t<div class=\"elementor-element elementor-element-024ca76 elementor-widget elementor-widget-counter\" data-id=\"024ca76\" data-element_type=\"widget\" data-e-type=\"widget\" data-widget_type=\"counter.default\">\n\t\t\t\t\t\t\t<div class=\"elementor-counter\">\n\t\t\t<div class=\"elementor-counter-title\">Qualifizierte Termine generiert<\/div>\t\t\t<div class=\"elementor-counter-number-wrapper\">\n\t\t\t\t<span class=\"elementor-counter-number-prefix\"><\/span>\n\t\t\t\t<span class=\"elementor-counter-number\" data-duration=\"2000\" data-to-value=\"43\" data-from-value=\"0\">0<\/span>\n\t\t\t\t<span class=\"elementor-counter-number-suffix\"><\/span>\n\t\t\t<\/div>\n\t\t<\/div>\n\t\t\t\t\t\t<\/div>\n\t\t\t\t<\/div>\n\t\t<div class=\"elementor-element elementor-element-313b96f e-con-full e-flex e-con e-child\" data-id=\"313b96f\" data-element_type=\"container\" data-e-type=\"container\">\n\t\t\t\t<div class=\"elementor-element elementor-element-b0fb819 elementor-widget elementor-widget-counter\" data-id=\"b0fb819\" data-element_type=\"widget\" data-e-type=\"widget\" data-widget_type=\"counter.default\">\n\t\t\t\t\t\t\t<div class=\"elementor-counter\">\n\t\t\t<div class=\"elementor-counter-title\">Anwesenheitsquote bei Meetings<\/div>\t\t\t<div class=\"elementor-counter-number-wrapper\">\n\t\t\t\t<span class=\"elementor-counter-number-prefix\"><\/span>\n\t\t\t\t<span class=\"elementor-counter-number\" data-duration=\"2000\" data-to-value=\"96.5\" data-from-value=\"0\">0<\/span>\n\t\t\t\t<span class=\"elementor-counter-number-suffix\">%<\/span>\n\t\t\t<\/div>\n\t\t<\/div>\n\t\t\t\t\t\t<\/div>\n\t\t\t\t<\/div>\n\t\t<div class=\"elementor-element elementor-element-2350bab e-con-full e-flex e-con e-child\" data-id=\"2350bab\" data-element_type=\"container\" data-e-type=\"container\">\n\t\t\t\t<div class=\"elementor-element elementor-element-f052d43 elementor-widget elementor-widget-counter\" data-id=\"f052d43\" data-element_type=\"widget\" data-e-type=\"widget\" data-widget_type=\"counter.default\">\n\t\t\t\t\t\t\t<div class=\"elementor-counter\">\n\t\t\t<div class=\"elementor-counter-title\">H\u00f6here Konversionsrate<\/div>\t\t\t<div class=\"elementor-counter-number-wrapper\">\n\t\t\t\t<span class=\"elementor-counter-number-prefix\"><\/span>\n\t\t\t\t<span class=\"elementor-counter-number\" data-duration=\"2000\" data-to-value=\"3.4\" data-from-value=\"0\">0<\/span>\n\t\t\t\t<span class=\"elementor-counter-number-suffix\">X<\/span>\n\t\t\t<\/div>\n\t\t<\/div>\n\t\t\t\t\t\t<\/div>\n\t\t\t\t<\/div>\n\t\t\t\t<\/div>\n\t\t\t\t\t<\/div>\n\t\t\t\t<\/div>\n\t\t\t\t<\/div>\n\t\t","protected":false},"excerpt":{"rendered":"<p>Intelligente Outbound-L\u00f6sung f\u00fcr komplexe Industrie-Tech Wie SYNAOS den Unternehmensabsatz beschleunigte \u2013 eine Erfolgsgeschichte eines Kunden im Bereich Industrial B2B Outreach. Jetzt loslegen Mehr erfahren Industrie Logistik Software Hauptsitz Hannover, Germany Firmengr\u00f6\u00dfe 11-50 Herausforderung SYNAOS entwickelt hochwertige KI-Software zur Steuerung und Optimierung komplexer Intralogistikumgebungen, von fahrerlosen Transportfahrzeugen \u00fcber Gabelstapler bis hin zu menschlichen Arbeitsabl\u00e4ufen. Das Vertriebsteam [&hellip;]<\/p>\n","protected":false},"author":1,"featured_media":0,"parent":910,"menu_order":0,"comment_status":"closed","ping_status":"closed","template":"","meta":{"_acf_changed":false,"footnotes":""},"class_list":["post-986","page","type-page","status-publish","hentry"],"acf":[],"_links":{"self":[{"href":"https:\/\/acquire-one.com\/de\/wp-json\/wp\/v2\/pages\/986","targetHints":{"allow":["GET"]}}],"collection":[{"href":"https:\/\/acquire-one.com\/de\/wp-json\/wp\/v2\/pages"}],"about":[{"href":"https:\/\/acquire-one.com\/de\/wp-json\/wp\/v2\/types\/page"}],"author":[{"embeddable":true,"href":"https:\/\/acquire-one.com\/de\/wp-json\/wp\/v2\/users\/1"}],"replies":[{"embeddable":true,"href":"https:\/\/acquire-one.com\/de\/wp-json\/wp\/v2\/comments?post=986"}],"version-history":[{"count":4,"href":"https:\/\/acquire-one.com\/de\/wp-json\/wp\/v2\/pages\/986\/revisions"}],"predecessor-version":[{"id":1049,"href":"https:\/\/acquire-one.com\/de\/wp-json\/wp\/v2\/pages\/986\/revisions\/1049"}],"up":[{"embeddable":true,"href":"https:\/\/acquire-one.com\/de\/wp-json\/wp\/v2\/pages\/910"}],"wp:attachment":[{"href":"https:\/\/acquire-one.com\/de\/wp-json\/wp\/v2\/media?parent=986"}],"curies":[{"name":"wp","href":"https:\/\/api.w.org\/{rel}","templated":true}]}}